{"id":1076,"date":"2017-06-13T12:24:47","date_gmt":"2017-06-13T10:24:47","guid":{"rendered":"http:\/\/cortedacqua.it\/struttura\/"},"modified":"2020-12-07T10:46:39","modified_gmt":"2020-12-07T09:46:39","slug":"die-struktur","status":"publish","type":"page","link":"https:\/\/cortedacqua.it\/de\/die-struktur\/","title":{"rendered":"Die Struktur"},"content":{"rendered":"<p>Corte D&#8217;Acqua ist ein Agritourism mit Unterkunft, gelegt an den F\u00fc\u00dfen des Monterosso, in der N\u00e4he das Gebiet des Nat\u00fcrlichen Parks von Colli Euganei.<\/p>\n<p>Es wurde durch die Wiederherstellung der Kolonnade des Wohnkomplexes geplant vom ber\u00fchmten Architekten Tobia Scarpa, schon im Jahr 1970 getragen.<\/p>\n<p>Seine moderne Architektur, eingef\u00fcgt in einen gro\u00dfen bewaldeten Park, schenkt eine einzigartige Aufenthalt-Erfahrung. Die breiten Glasw\u00e4nde der Kolonnade schaut einem Hof charakterisiert durch zwei gro\u00dfe Wasserbecken, erf\u00fcllt mit Wasserlilien, an.<\/p>\n<p>Der Komplex wird durch drei Wohnungen, v\u00f6llig ausgestattet, jeder mit lebendem Gebiet auf dem Erdgescho\u00df und zwei Schlafzimmern im Erdgescho\u00df, jeder mit privatem Badezimmer zusammengesetzt.<\/p>\n<p>Der Mindestaufenthalt betr\u00e4gt 3 N\u00e4chte.<\/p>\n<p>Wir bieten Fr\u00fchst\u00fcck und jede Mahlzeit nicht an.<\/p>\n<p>Im unmittelbaren Gebiet gibt es die thermischen Zentren von Abano und Montegrotto Terme, ideale Pl\u00e4tze f\u00fcr gut Urlaub; au\u00dferdem gibt es drei erstaunliche Golfschl\u00e4ger und die historische Stadt von Padua mit Juwelen seiner Kunst. Corte D&#8217;acqua entfernt 40 Minuten \u00a0mit dem Auto von Venedig und um 1 Stunde von Verona. Die Kolonnade war, zuerst, als ein landwirtschaftliches Lagerhaus nach dem palladian Stil geplant, und dann, vollkommen renoviert im 2017, auch mit der Beihilfe erhalten durch den Plan der landwirtschaftlichen Entwicklung f\u00fcr das Gebiet Veneto 2014-2020.<\/p>\n<p style=\"text-align: center;\"><iframe loading=\"lazy\" src=\"https:\/\/www.youtube.com\/embed\/EVrIvcmEzWE?rel=0\" width=\"800\" height=\"600\" frameborder=\"0\" allowfullscreen=\"allowfullscreen\"><\/iframe><\/p>\n<p style=\"text-align: center;\"><img loading=\"lazy\" decoding=\"async\" class=\"aligncenter size-full wp-image-1437\" src=\"https:\/\/cortedacqua.it\/wp-content\/uploads\/2018\/02\/premi2017.gif\" alt=\"\" width=\"534\" height=\"254\" \/><\/p>\n","protected":false},"excerpt":{"rendered":"<p>Corte D&#8217;Acqua ist ein Agritourism mit Unterkunft, gelegt an den F\u00fc\u00dfen des Monterosso, in der N\u00e4he das Gebiet des Nat\u00fcrlichen Parks von Colli Euganei. Es wurde durch die Wiederherstellung der Kolonnade des Wohnkomplexes geplant vom ber\u00fchmten Architekten Tobia Scarpa, schon im Jahr 1970 getragen. Seine moderne Architektur, eingef\u00fcgt in einen gro\u00dfen bewaldeten Park, schenkt eine [&hellip;]<\/p>\n","protected":false},"author":1,"featured_media":0,"parent":0,"menu_order":17,"comment_status":"closed","ping_status":"closed","template":"","meta":{"_acf_changed":false,"footnotes":""},"class_list":["post-1076","page","type-page","status-publish","hentry"],"acf":[],"_links":{"self":[{"href":"https:\/\/cortedacqua.it\/de\/wp-json\/wp\/v2\/pages\/1076","targetHints":{"allow":["GET"]}}],"collection":[{"href":"https:\/\/cortedacqua.it\/de\/wp-json\/wp\/v2\/pages"}],"about":[{"href":"https:\/\/cortedacqua.it\/de\/wp-json\/wp\/v2\/types\/page"}],"author":[{"embeddable":true,"href":"https:\/\/cortedacqua.it\/de\/wp-json\/wp\/v2\/users\/1"}],"replies":[{"embeddable":true,"href":"https:\/\/cortedacqua.it\/de\/wp-json\/wp\/v2\/comments?post=1076"}],"version-history":[{"count":5,"href":"https:\/\/cortedacqua.it\/de\/wp-json\/wp\/v2\/pages\/1076\/revisions"}],"predecessor-version":[{"id":1638,"href":"https:\/\/cortedacqua.it\/de\/wp-json\/wp\/v2\/pages\/1076\/revisions\/1638"}],"wp:attachment":[{"href":"https:\/\/cortedacqua.it\/de\/wp-json\/wp\/v2\/media?parent=1076"}],"curies":[{"name":"wp","href":"https:\/\/api.w.org\/{rel}","templated":true}]}}