{"id":1091,"date":"2017-06-14T09:30:17","date_gmt":"2017-06-14T07:30:17","guid":{"rendered":"http:\/\/cortedacqua.it\/die-wohnungen\/appartamento-ninfea\/"},"modified":"2022-12-02T12:27:10","modified_gmt":"2022-12-02T11:27:10","slug":"wohnung-ninfea","status":"publish","type":"page","link":"https:\/\/cortedacqua.it\/de\/die-wohnungen\/wohnung-ninfea\/","title":{"rendered":"Wohnung NINFEA"},"content":{"rendered":"<p>Die <strong>Wohnung Ninfea<\/strong>, gelegt auf dem Nord \u00e4u\u00dferste Ende der Kolonnade, formt durch ein lebendes Gebiet an Erdgescho\u00df, ruhig durch einen gro\u00dfen Wohnzimmer mit einer K\u00fcche, die auf dem Innenhof und dem Garten, dank einer riesigen Glaswand, die ge\u00f6ffnet werden kann, anschaut. Am Erdgescho\u00df gibt es ein Badezimmer, vollstandig Dusche zug\u00e4nglich auch Leuten mit reduzierter physischer F\u00e4higkeit. Auf Antrag es ist f\u00fcr Sie m\u00f6glich, ein Doppelbett an Erdgescho\u00df auszustatten.<\/p>\n<p>Am Erdgescho\u00df k\u00f6nnen Sie zwei ger\u00e4umige Schlafzimmer finden:<\/p>\n<ul>\n<li>Doppelzimmer (mit der M\u00f6glichkeit, ein 3. Bett f\u00fcr Kinder), mit privatem Badezimmer, bereitgestellt mit Bad-Wanne mit Dusche, hinzuzuf\u00fcgen.<\/li>\n<li>Schlafzimmer mit zwei Betten, ger\u00e4umiges privates Badezimmer mit Dusche.<\/li>\n<\/ul>\n<p>Die zwei Zimmer sind verbunden, aber es gibt die M\u00f6glichkeit, zwei total unabh\u00e4ngige Gebiete mit privater Eing\u00e4nge zu machen. Die Wohnung ist f\u00fcr zwei kleine Gruppen von Freunden, die mehr Privatleben haben m\u00f6chten.<\/p>\n","protected":false},"excerpt":{"rendered":"<p>Die Wohnung Ninfea, gelegt auf dem Nord \u00e4u\u00dferste Ende der Kolonnade, formt durch ein lebendes Gebiet an Erdgescho\u00df, ruhig durch einen gro\u00dfen Wohnzimmer mit einer K\u00fcche, die auf dem Innenhof und dem Garten, dank einer riesigen Glaswand, die ge\u00f6ffnet werden kann, anschaut. Am Erdgescho\u00df gibt es ein Badezimmer, vollstandig Dusche zug\u00e4nglich auch Leuten mit reduzierter [&hellip;]<\/p>\n","protected":false},"author":1,"featured_media":795,"parent":1084,"menu_order":21,"comment_status":"closed","ping_status":"closed","template":"page-appartamento.php","meta":{"_acf_changed":false,"footnotes":""},"class_list":["post-1091","page","type-page","status-publish","has-post-thumbnail","hentry"],"acf":[],"_links":{"self":[{"href":"https:\/\/cortedacqua.it\/de\/wp-json\/wp\/v2\/pages\/1091","targetHints":{"allow":["GET"]}}],"collection":[{"href":"https:\/\/cortedacqua.it\/de\/wp-json\/wp\/v2\/pages"}],"about":[{"href":"https:\/\/cortedacqua.it\/de\/wp-json\/wp\/v2\/types\/page"}],"author":[{"embeddable":true,"href":"https:\/\/cortedacqua.it\/de\/wp-json\/wp\/v2\/users\/1"}],"replies":[{"embeddable":true,"href":"https:\/\/cortedacqua.it\/de\/wp-json\/wp\/v2\/comments?post=1091"}],"version-history":[{"count":6,"href":"https:\/\/cortedacqua.it\/de\/wp-json\/wp\/v2\/pages\/1091\/revisions"}],"predecessor-version":[{"id":2128,"href":"https:\/\/cortedacqua.it\/de\/wp-json\/wp\/v2\/pages\/1091\/revisions\/2128"}],"up":[{"embeddable":true,"href":"https:\/\/cortedacqua.it\/de\/wp-json\/wp\/v2\/pages\/1084"}],"wp:featuredmedia":[{"embeddable":true,"href":"https:\/\/cortedacqua.it\/de\/wp-json\/wp\/v2\/media\/795"}],"wp:attachment":[{"href":"https:\/\/cortedacqua.it\/de\/wp-json\/wp\/v2\/media?parent=1091"}],"curies":[{"name":"wp","href":"https:\/\/api.w.org\/{rel}","templated":true}]}}