{"id":1106,"date":"2017-06-14T10:17:18","date_gmt":"2017-06-14T08:17:18","guid":{"rendered":"http:\/\/cortedacqua.it\/die-wohnungen\/appartamento-lilium\/"},"modified":"2022-12-02T12:29:47","modified_gmt":"2022-12-02T11:29:47","slug":"wohnung-lilium","status":"publish","type":"page","link":"https:\/\/cortedacqua.it\/de\/die-wohnungen\/wohnung-lilium\/","title":{"rendered":"Wohnung LILIUM"},"content":{"rendered":"<p>Gelegt im mittleren Teil der Kolonnade, wird <strong>die Wohnung Lilium<\/strong> aus einem lebenden Gebiet an Erdgescho\u00df zusammengesetzt, dem inneren Gericht, dank zwei Glasw\u00e4nde, der ge\u00f6ffnet werden kann, ansehen.<\/p>\n<p>Im Erdgescho\u00df wird das Nachtgebiet gelegt, dichtete von zwei R\u00e4umen:<\/p>\n<ul>\n<li>Doppelzimmer (mit der M\u00f6glichkeit, ein 3. Bett f\u00fcr Kinder), mit privatem Badezimmer, bereitgestellt mit Bad-Wanne mit Dusche, hinzuzuf\u00fcgen.<\/li>\n<li>Schlafzimmer mit zwei Betten, ger\u00e4umiges privates Badezimmer mit Dusche.<\/li>\n<\/ul>\n","protected":false},"excerpt":{"rendered":"<p>Gelegt im mittleren Teil der Kolonnade, wird die Wohnung Lilium aus einem lebenden Gebiet an Erdgescho\u00df zusammengesetzt, dem inneren Gericht, dank zwei Glasw\u00e4nde, der ge\u00f6ffnet werden kann, ansehen. Im Erdgescho\u00df wird das Nachtgebiet gelegt, dichtete von zwei R\u00e4umen: Doppelzimmer (mit der M\u00f6glichkeit, ein 3. Bett f\u00fcr Kinder), mit privatem Badezimmer, bereitgestellt mit Bad-Wanne mit Dusche, [&hellip;]<\/p>\n","protected":false},"author":1,"featured_media":806,"parent":1084,"menu_order":24,"comment_status":"closed","ping_status":"closed","template":"page-appartamento.php","meta":{"_acf_changed":false,"footnotes":""},"class_list":["post-1106","page","type-page","status-publish","has-post-thumbnail","hentry"],"acf":[],"_links":{"self":[{"href":"https:\/\/cortedacqua.it\/de\/wp-json\/wp\/v2\/pages\/1106","targetHints":{"allow":["GET"]}}],"collection":[{"href":"https:\/\/cortedacqua.it\/de\/wp-json\/wp\/v2\/pages"}],"about":[{"href":"https:\/\/cortedacqua.it\/de\/wp-json\/wp\/v2\/types\/page"}],"author":[{"embeddable":true,"href":"https:\/\/cortedacqua.it\/de\/wp-json\/wp\/v2\/users\/1"}],"replies":[{"embeddable":true,"href":"https:\/\/cortedacqua.it\/de\/wp-json\/wp\/v2\/comments?post=1106"}],"version-history":[{"count":5,"href":"https:\/\/cortedacqua.it\/de\/wp-json\/wp\/v2\/pages\/1106\/revisions"}],"predecessor-version":[{"id":2131,"href":"https:\/\/cortedacqua.it\/de\/wp-json\/wp\/v2\/pages\/1106\/revisions\/2131"}],"up":[{"embeddable":true,"href":"https:\/\/cortedacqua.it\/de\/wp-json\/wp\/v2\/pages\/1084"}],"wp:featuredmedia":[{"embeddable":true,"href":"https:\/\/cortedacqua.it\/de\/wp-json\/wp\/v2\/media\/806"}],"wp:attachment":[{"href":"https:\/\/cortedacqua.it\/de\/wp-json\/wp\/v2\/media?parent=1106"}],"curies":[{"name":"wp","href":"https:\/\/api.w.org\/{rel}","templated":true}]}}