{"id":1116,"date":"2017-06-14T10:20:16","date_gmt":"2017-06-14T08:20:16","guid":{"rendered":"http:\/\/cortedacqua.it\/die-wohnungen\/appartamento-iris\/"},"modified":"2022-12-02T12:31:25","modified_gmt":"2022-12-02T11:31:25","slug":"wohnung-iris","status":"publish","type":"page","link":"https:\/\/cortedacqua.it\/de\/die-wohnungen\/wohnung-iris\/","title":{"rendered":"Wohnung Iris"},"content":{"rendered":"<p>Gelegt auf dem s\u00fcdlichen \u00c4u\u00dferste der Kolonnade, wird die <strong>Wohnungs Iris<\/strong>, gesetzt aus einem lebenden Gebiet auf dem Erdgescho\u00df zusammen, schaut dem inneren Garten an, dank riesiger Glasw\u00e4nde, die ge\u00f6ffnet werden k\u00f6nnen.<\/p>\n<p>Das Nachtgebiet wird im Erdgescho\u00df gelegt, und es wird aus zwei R\u00e4umen zusammengesetzt:<\/p>\n<ul>\n<li>Doppelzimmer (mit der M\u00f6glichkeit, ein 3. Bett f\u00fcr Kinder), mit privatem Badezimmer, bereitgestellt mit Bad-Wanne mit Dusche, hinzuzuf\u00fcgen<\/li>\n<li>Schlafzimmer mit zwei Betten, ger\u00e4umiges privates Badezimmer mit Dusche<\/li>\n<\/ul>\n","protected":false},"excerpt":{"rendered":"<p>Gelegt auf dem s\u00fcdlichen \u00c4u\u00dferste der Kolonnade, wird die Wohnungs Iris, gesetzt aus einem lebenden Gebiet auf dem Erdgescho\u00df zusammen, schaut dem inneren Garten an, dank riesiger Glasw\u00e4nde, die ge\u00f6ffnet werden k\u00f6nnen. Das Nachtgebiet wird im Erdgescho\u00df gelegt, und es wird aus zwei R\u00e4umen zusammengesetzt: Doppelzimmer (mit der M\u00f6glichkeit, ein 3. Bett f\u00fcr Kinder), mit [&hellip;]<\/p>\n","protected":false},"author":1,"featured_media":838,"parent":1084,"menu_order":27,"comment_status":"closed","ping_status":"closed","template":"page-appartamento.php","meta":{"_acf_changed":false,"footnotes":""},"class_list":["post-1116","page","type-page","status-publish","has-post-thumbnail","hentry"],"acf":[],"_links":{"self":[{"href":"https:\/\/cortedacqua.it\/de\/wp-json\/wp\/v2\/pages\/1116","targetHints":{"allow":["GET"]}}],"collection":[{"href":"https:\/\/cortedacqua.it\/de\/wp-json\/wp\/v2\/pages"}],"about":[{"href":"https:\/\/cortedacqua.it\/de\/wp-json\/wp\/v2\/types\/page"}],"author":[{"embeddable":true,"href":"https:\/\/cortedacqua.it\/de\/wp-json\/wp\/v2\/users\/1"}],"replies":[{"embeddable":true,"href":"https:\/\/cortedacqua.it\/de\/wp-json\/wp\/v2\/comments?post=1116"}],"version-history":[{"count":5,"href":"https:\/\/cortedacqua.it\/de\/wp-json\/wp\/v2\/pages\/1116\/revisions"}],"predecessor-version":[{"id":2134,"href":"https:\/\/cortedacqua.it\/de\/wp-json\/wp\/v2\/pages\/1116\/revisions\/2134"}],"up":[{"embeddable":true,"href":"https:\/\/cortedacqua.it\/de\/wp-json\/wp\/v2\/pages\/1084"}],"wp:featuredmedia":[{"embeddable":true,"href":"https:\/\/cortedacqua.it\/de\/wp-json\/wp\/v2\/media\/838"}],"wp:attachment":[{"href":"https:\/\/cortedacqua.it\/de\/wp-json\/wp\/v2\/media?parent=1116"}],"curies":[{"name":"wp","href":"https:\/\/api.w.org\/{rel}","templated":true}]}}