{"id":1136,"date":"2017-06-14T17:59:24","date_gmt":"2017-06-14T15:59:24","guid":{"rendered":"http:\/\/cortedacqua.it\/das-gebiet\/padova\/"},"modified":"2022-12-02T12:35:46","modified_gmt":"2022-12-02T11:35:46","slug":"padua","status":"publish","type":"page","link":"https:\/\/cortedacqua.it\/de\/das-gebiet\/padua\/","title":{"rendered":"Padua"},"content":{"rendered":"<p><strong>Padua, sitz der Universit\u00e4t<\/strong> und Stadt voll von Geschichte, ist, das ganze Jahr, eine kulturelle vibrierende Stadt, die einen Kalender voll mit musikalisch, kulturell, Sport und filmische Ereignisse anbietet.<\/p>\n<p>Wir schlagen sicher vor, um die Stadt zu erforschen und alle geheimen Ecken zu entdecken, weil wie Sie sehen werden, wird Padua Sie sich bequem f\u00fchlen dank seiner jungen und behaglichen Atmosph\u00e4re. Der erste Halt mu\u00df der Besuch des &#8222;Musei Civici Eremitani&#8220; sein. Dort k\u00f6nnen Sie die bezaubernde Scrovegni Kapelle mit Freskomalerei von Giotto und der Kirche von Eremitani bewundern, die neben dem Museum-Komplex liegen. Behalten Sie in den Weg zum Stadtzentrum: es ist ein Mu\u00df der Halt am ber\u00fchmten Caff\u00e8 Pedrocchi. Sp\u00e4ter schlagen wir Sie vor, den Palazzo del B\u00f2, Sitz der Universit\u00e4t von Padua zu besuchen.<\/p>\n<p>Wir erinnern Sie andere bedeutungsvolle Anziehungskr\u00e4fte wie Palazzo Della Ragione, das Grab von Antenore, Gr\u00fcnder der Stadt Padua, und Palazzo Zabarella, Sitz von malenden Ausstellungen. Ein Besuch des Botanischen Gartens, Lage von UNESCO, und Sant&#8217;Antonio Kirche, eines des wichtigsten Symbols der Stadt, kann nicht verpasst werden.<\/p>\n<p>&nbsp;<\/p>\n<p>&nbsp;<\/p>\n","protected":false},"excerpt":{"rendered":"<p>Padua, sitz der Universit\u00e4t und Stadt voll von Geschichte, ist, das ganze Jahr, eine kulturelle vibrierende Stadt, die einen Kalender voll mit musikalisch, kulturell, Sport und filmische Ereignisse anbietet. Wir schlagen sicher vor, um die Stadt zu erforschen und alle geheimen Ecken zu entdecken, weil wie Sie sehen werden, wird Padua Sie sich bequem f\u00fchlen [&hellip;]<\/p>\n","protected":false},"author":1,"featured_media":948,"parent":1122,"menu_order":45,"comment_status":"closed","ping_status":"closed","template":"","meta":{"_acf_changed":false,"footnotes":""},"class_list":["post-1136","page","type-page","status-publish","has-post-thumbnail","hentry"],"acf":[],"_links":{"self":[{"href":"https:\/\/cortedacqua.it\/de\/wp-json\/wp\/v2\/pages\/1136","targetHints":{"allow":["GET"]}}],"collection":[{"href":"https:\/\/cortedacqua.it\/de\/wp-json\/wp\/v2\/pages"}],"about":[{"href":"https:\/\/cortedacqua.it\/de\/wp-json\/wp\/v2\/types\/page"}],"author":[{"embeddable":true,"href":"https:\/\/cortedacqua.it\/de\/wp-json\/wp\/v2\/users\/1"}],"replies":[{"embeddable":true,"href":"https:\/\/cortedacqua.it\/de\/wp-json\/wp\/v2\/comments?post=1136"}],"version-history":[{"count":3,"href":"https:\/\/cortedacqua.it\/de\/wp-json\/wp\/v2\/pages\/1136\/revisions"}],"predecessor-version":[{"id":2137,"href":"https:\/\/cortedacqua.it\/de\/wp-json\/wp\/v2\/pages\/1136\/revisions\/2137"}],"up":[{"embeddable":true,"href":"https:\/\/cortedacqua.it\/de\/wp-json\/wp\/v2\/pages\/1122"}],"wp:featuredmedia":[{"embeddable":true,"href":"https:\/\/cortedacqua.it\/de\/wp-json\/wp\/v2\/media\/948"}],"wp:attachment":[{"href":"https:\/\/cortedacqua.it\/de\/wp-json\/wp\/v2\/media?parent=1136"}],"curies":[{"name":"wp","href":"https:\/\/api.w.org\/{rel}","templated":true}]}}