{"id":1144,"date":"2017-06-15T09:08:44","date_gmt":"2017-06-15T07:08:44","guid":{"rendered":"http:\/\/cortedacqua.it\/das-gebiet\/venezia\/"},"modified":"2022-12-02T12:36:45","modified_gmt":"2022-12-02T11:36:45","slug":"venedig","status":"publish","type":"page","link":"https:\/\/cortedacqua.it\/de\/das-gebiet\/venedig\/","title":{"rendered":"Venedig"},"content":{"rendered":"<p>Es gibt zwei Weisen, Venedig zu besichtigen: traditionell und ein mehr besonderer ein. Der erste ist den Wegen f\u00fcr Touristen, vorgeschlagt durch die Tour-Arbeiter oder organisierte Reisen dass Sie folgen k\u00f6nnen; der zweite will der echte Teil der Stadt, sein andeutet und besondere Pl\u00e4tze entdecken, die Venedig eines der Lieblingstouristenreiseziele machen.<\/p>\n<p>Also, wir schlagen Sie ein alternativer Weg vor, in San Marco Platz, das ber\u00fchmteste Bild der Stadt, \u00fcberf\u00fcllt mit Tauben, die auf Krumen warten, anfangen. Die Tour geht mit dem Herzoglichen Palast (Palazzo Ducale), W\u00e4chter der Geschichte und Hauptcharakteres von vielen wichtigen Ereignissen der Vergangenheit weiter. Es hielt viele Umwandlungen aufgrund einer Reihe von Unf\u00e4llen aus, aber es vertritt eine unver\u00e4nderliche Anwesenheit in der Geschichte der Stadt. Wenn Sie Venedig von einem verschiedenen Standpunkt bewundern m\u00f6chten, schlagen wir Sie eine Tour des Canal Grande vor, der von der Eisenbahnstation von Santa Lucia bis San Marco Platz anf\u00e4ngt. Sie werden ganz sicher andeutende Pal\u00e4ste sehen, die dem Kanal ansehen.<\/p>\n<p>Am Ende der F\u00e4hrtour mu\u00df der folgende Halt der Besuch des Gallerie dell&#8217;Accademia sein, die eine reiche Sammlung von venetians Gem\u00e4lden aus dem byzantinischen und gotischen Dreizehnten Jahrhundert den Renaissancek\u00fcnstlern hat. Bellini, Giorgione, Veronese, Tintoretto, Tiziano, Tiepolo sind gerade einige von den ausgestellten K\u00fcnstlern, deren Arbeiten \u00a0unausl\u00f6schlich unsere Kultur mit einzigartigen und unverge\u00dflichen Arbeiten gekennzeichnet und bereichert.<\/p>\n<p>Am Ende des Besuchs am Gallerie dell&#8217;Accademia wurde es Abend, und vielleicht Sie wurden ein bi\u00dfchen hungrig. Kein Problem, Venedig ist voll von St\u00e4ben und kleine Tavernen, die so genannten &#8222;bacari&#8220;, wo Sie den &#8222;cicchetti&#8220;, typische venezianische Aperitifs kosten k\u00f6nnen, die zusammen mit &#8222;ombra de Vin &#8220; (Glas Wein) zu verzehren sind.<\/p>\n<p>\u00dcberzeugten wir Sie? Jedoch sind wir immer f\u00fcr jeden Zweifel oder Vorschlag, dass Sie haben k\u00f6nnen, vorhanden.<\/p>\n","protected":false},"excerpt":{"rendered":"<p>Es gibt zwei Weisen, Venedig zu besichtigen: traditionell und ein mehr besonderer ein. Der erste ist den Wegen f\u00fcr Touristen, vorgeschlagt durch die Tour-Arbeiter oder organisierte Reisen dass Sie folgen k\u00f6nnen; der zweite will der echte Teil der Stadt, sein andeutet und besondere Pl\u00e4tze entdecken, die Venedig eines der Lieblingstouristenreiseziele machen. Also, wir schlagen Sie [&hellip;]<\/p>\n","protected":false},"author":1,"featured_media":645,"parent":1122,"menu_order":52,"comment_status":"closed","ping_status":"closed","template":"","meta":{"_acf_changed":false,"footnotes":""},"class_list":["post-1144","page","type-page","status-publish","has-post-thumbnail","hentry"],"acf":[],"_links":{"self":[{"href":"https:\/\/cortedacqua.it\/de\/wp-json\/wp\/v2\/pages\/1144","targetHints":{"allow":["GET"]}}],"collection":[{"href":"https:\/\/cortedacqua.it\/de\/wp-json\/wp\/v2\/pages"}],"about":[{"href":"https:\/\/cortedacqua.it\/de\/wp-json\/wp\/v2\/types\/page"}],"author":[{"embeddable":true,"href":"https:\/\/cortedacqua.it\/de\/wp-json\/wp\/v2\/users\/1"}],"replies":[{"embeddable":true,"href":"https:\/\/cortedacqua.it\/de\/wp-json\/wp\/v2\/comments?post=1144"}],"version-history":[{"count":3,"href":"https:\/\/cortedacqua.it\/de\/wp-json\/wp\/v2\/pages\/1144\/revisions"}],"predecessor-version":[{"id":2140,"href":"https:\/\/cortedacqua.it\/de\/wp-json\/wp\/v2\/pages\/1144\/revisions\/2140"}],"up":[{"embeddable":true,"href":"https:\/\/cortedacqua.it\/de\/wp-json\/wp\/v2\/pages\/1122"}],"wp:featuredmedia":[{"embeddable":true,"href":"https:\/\/cortedacqua.it\/de\/wp-json\/wp\/v2\/media\/645"}],"wp:attachment":[{"href":"https:\/\/cortedacqua.it\/de\/wp-json\/wp\/v2\/media?parent=1144"}],"curies":[{"name":"wp","href":"https:\/\/api.w.org\/{rel}","templated":true}]}}