{"id":1152,"date":"2017-07-13T17:34:27","date_gmt":"2017-07-13T15:34:27","guid":{"rendered":"http:\/\/cortedacqua.it\/das-gebiet\/le-terme-di-abano-e-montegrotto\/"},"modified":"2022-12-02T12:37:51","modified_gmt":"2022-12-02T11:37:51","slug":"abano-und-montegrotto-thermae","status":"publish","type":"page","link":"https:\/\/cortedacqua.it\/de\/das-gebiet\/abano-und-montegrotto-thermae\/","title":{"rendered":"Abano und Montegrotto Thermae"},"content":{"rendered":"<p>Das Gebiet von Euganean H\u00fcgeln ist reich von Schl\u00f6ssern, venezianischen Landh\u00e4usern und mittelalterlichen D\u00f6rfern, ein Land voll von Ideen, wo man angenehmes Aufenthalt in der Natur verbringen \u00a0und in die lokalen feinschmeckerischen Spezialit\u00e4ten kosten kann. Das ganze Gebiet wird mit landwirtschaftlich und Weinkellerei-Bauernh\u00f6fe beschlagen, die der M\u00f6glichkeit lokale Teller mit echten Rohstoffen gemacht anbieten, dass Sie w\u00e4hrend der Messen oder themed Ereignisse kosten kann.<\/p>\n<p>Zwei ber\u00fchmte St\u00e4dte in den Euganean H\u00fcgeln sind <strong>Abano Terme und Montegrotto Terme<\/strong>, die jeden ihren eigenen thermischen Wasserquelle und die M\u00f6glichkeit, W\u00e4rmebehandlungen direkt im Hotel zu tun, haben. Die Euganean Thermael sind um die Welt ber\u00fchmt, um Pathologien, wie Gelenk, fibromyalgia und R\u00fcckenschmerzen, zu heilen; au\u00dferdem gibt es \u00fcberraschende Resultate mit der Behandlung des Unterhautfettgewebes und der Hautverj\u00fcngung. Der Schlamm von Abano und Montegrotto ist an organischen Substanzen reich und enth\u00e4lt weltweite einzigartige Algen &#8222;ETS-05&#8220; genannt von der Universit\u00e4t von Padua. Im 2005 wurde ein Europ\u00e4isches Patent abgelegt, auf die antientz\u00fcndlichen aktiven Prinzipien des euganean thermischen Schlamms gegr\u00fcndet. Heutzutage werden sie mit gro\u00dfen Resultaten f\u00fcr entz\u00fcndliche rheumatische Osteo-Gelenkkrankheiten vorgeschrieben.<\/p>\n<p>Kommen Sie und besichtigen unsere H\u00fcgel, Sie werden durch atemberaubende Landschaften, Spitzenqualit\u00e4t thermae und echte Nahrung verzaubert. F\u00fcr weitere Information, setzen Sie sich mit uns in Verbindung, wir sind Ihnen zur Verf\u00fcgung.<\/p>\n","protected":false},"excerpt":{"rendered":"<p>Das Gebiet von Euganean H\u00fcgeln ist reich von Schl\u00f6ssern, venezianischen Landh\u00e4usern und mittelalterlichen D\u00f6rfern, ein Land voll von Ideen, wo man angenehmes Aufenthalt in der Natur verbringen \u00a0und in die lokalen feinschmeckerischen Spezialit\u00e4ten kosten kann. Das ganze Gebiet wird mit landwirtschaftlich und Weinkellerei-Bauernh\u00f6fe beschlagen, die der M\u00f6glichkeit lokale Teller mit echten Rohstoffen gemacht anbieten, dass [&hellip;]<\/p>\n","protected":false},"author":1,"featured_media":1046,"parent":1122,"menu_order":50,"comment_status":"closed","ping_status":"closed","template":"","meta":{"_acf_changed":false,"footnotes":""},"class_list":["post-1152","page","type-page","status-publish","has-post-thumbnail","hentry"],"acf":[],"_links":{"self":[{"href":"https:\/\/cortedacqua.it\/de\/wp-json\/wp\/v2\/pages\/1152","targetHints":{"allow":["GET"]}}],"collection":[{"href":"https:\/\/cortedacqua.it\/de\/wp-json\/wp\/v2\/pages"}],"about":[{"href":"https:\/\/cortedacqua.it\/de\/wp-json\/wp\/v2\/types\/page"}],"author":[{"embeddable":true,"href":"https:\/\/cortedacqua.it\/de\/wp-json\/wp\/v2\/users\/1"}],"replies":[{"embeddable":true,"href":"https:\/\/cortedacqua.it\/de\/wp-json\/wp\/v2\/comments?post=1152"}],"version-history":[{"count":3,"href":"https:\/\/cortedacqua.it\/de\/wp-json\/wp\/v2\/pages\/1152\/revisions"}],"predecessor-version":[{"id":2143,"href":"https:\/\/cortedacqua.it\/de\/wp-json\/wp\/v2\/pages\/1152\/revisions\/2143"}],"up":[{"embeddable":true,"href":"https:\/\/cortedacqua.it\/de\/wp-json\/wp\/v2\/pages\/1122"}],"wp:featuredmedia":[{"embeddable":true,"href":"https:\/\/cortedacqua.it\/de\/wp-json\/wp\/v2\/media\/1046"}],"wp:attachment":[{"href":"https:\/\/cortedacqua.it\/de\/wp-json\/wp\/v2\/media?parent=1152"}],"curies":[{"name":"wp","href":"https:\/\/api.w.org\/{rel}","templated":true}]}}