{"id":1168,"date":"2017-08-21T16:50:57","date_gmt":"2017-08-21T14:50:57","guid":{"rendered":"http:\/\/cortedacqua.it\/das-gebiet\/die-ummauerte-stadte-von-monselice-und-montagnana\/monselice\/"},"modified":"2017-12-04T17:06:13","modified_gmt":"2017-12-04T16:06:13","slug":"monselice","status":"publish","type":"page","link":"https:\/\/cortedacqua.it\/de\/das-gebiet\/die-ummauerte-stadte-von-monselice-und-montagnana\/monselice\/","title":{"rendered":"Monselice"},"content":{"rendered":"<p><strong>Monselice<\/strong> ist eine Stadtbeh\u00f6rde von ungef\u00e4hr 18.000 Einwohnern. Sie bringt ihre Name von Mons Silicis, um, die Extraktion des Felsens vom H\u00fcgel zu erinnern, wo die Stadt lokalisiert. Die ersten Einstellungen in diesem Gebiet sind wirklich alt und reichen bis das vorgeschichtliche Alter, dank des gl\u00fccklichen Ortes, Verbindungspunkt unter wichtigen Stra\u00dfen und Fl\u00fcssen zur\u00fcck.<\/p>\n<p>Die Grundlage von Monselice als Stadtzentrum reicht bis das V-VI Jahrhundert, aufgrund einer vorherigen Befestigung der Colle Della Rocca (H\u00fcgel der Festung) durch byzantinisch zur\u00fcck, wohingegen die teilweise bewahrten W\u00e4nde waren, bauen vom Carraresi in XVI Jahrhundert. An den F\u00fc\u00dfen der Colle Della Rocca erhebt sich bis ein architektonischer Komplex Castello Cini genannt, der vier verschiedene Einheiten von Geb\u00e4uden versammelt.<\/p>\n<p>Der \u00e4ltere Teil ist das romanische Haus mit dem kleinen Schlo\u00df, das bis das XI und XII Jahrhundert zur\u00fcckreicht. Der Ezzeliniana Turm, ein eindrucksvolles Defensive-Geb\u00e4ude, war \u00a0w\u00e4hrend des XIII Jahrhunderts gebaut, und es wird durch seinen monumentalen &#8220; Turm-Kamin &#8222;, Eigent\u00fcmlichkeit in Italien, dank ihrer Form und Funktionalit\u00e4t charakterisiert.<\/p>\n<p>Seitdem 1405 wird der Komplex von Monselice von der Familie von Marcello erworben, die Ca &#8218; Marcello, ein Verbindungspalast unter den 3 vorgegenw\u00e4rtigen Geb\u00e4uden aufstellte. Der venetians Adeliger machte den venezianischen Hof und das Geb\u00e4ude, das die Bibliothek zu Gast hat, gestellt, hinzugef\u00fcgen, w\u00e4hrend des siebzehnten Jahrhunderts, der privaten Familienkapelle wiederher.<\/p>\n<p>F\u00fcr weitere Informationen besuchen die Website:\u00a0<a href=\"http:\/\/www.castellodimonselice.it\">http:\/\/www.castellodimonselice.it<\/a><\/p>\n<p>oder:\u00a0<a href=\"http:\/\/www.euganeanhills.com\/municipalities\/monselice\/\">http:\/\/www.euganeanhills.com\/municipalities\/monselice\/<\/a><\/p>\n","protected":false},"excerpt":{"rendered":"<p>Monselice ist eine Stadtbeh\u00f6rde von ungef\u00e4hr 18.000 Einwohnern. Sie bringt ihre Name von Mons Silicis, um, die Extraktion des Felsens vom H\u00fcgel zu erinnern, wo die Stadt lokalisiert. Die ersten Einstellungen in diesem Gebiet sind wirklich alt und reichen bis das vorgeschichtliche Alter, dank des gl\u00fccklichen Ortes, Verbindungspunkt unter wichtigen Stra\u00dfen und Fl\u00fcssen zur\u00fcck. Die [&hellip;]<\/p>\n","protected":false},"author":1,"featured_media":591,"parent":1160,"menu_order":63,"comment_status":"closed","ping_status":"closed","template":"","meta":{"_acf_changed":false,"footnotes":""},"class_list":["post-1168","page","type-page","status-publish","has-post-thumbnail","hentry"],"acf":[],"_links":{"self":[{"href":"https:\/\/cortedacqua.it\/de\/wp-json\/wp\/v2\/pages\/1168","targetHints":{"allow":["GET"]}}],"collection":[{"href":"https:\/\/cortedacqua.it\/de\/wp-json\/wp\/v2\/pages"}],"about":[{"href":"https:\/\/cortedacqua.it\/de\/wp-json\/wp\/v2\/types\/page"}],"author":[{"embeddable":true,"href":"https:\/\/cortedacqua.it\/de\/wp-json\/wp\/v2\/users\/1"}],"replies":[{"embeddable":true,"href":"https:\/\/cortedacqua.it\/de\/wp-json\/wp\/v2\/comments?post=1168"}],"version-history":[{"count":2,"href":"https:\/\/cortedacqua.it\/de\/wp-json\/wp\/v2\/pages\/1168\/revisions"}],"predecessor-version":[{"id":1172,"href":"https:\/\/cortedacqua.it\/de\/wp-json\/wp\/v2\/pages\/1168\/revisions\/1172"}],"up":[{"embeddable":true,"href":"https:\/\/cortedacqua.it\/de\/wp-json\/wp\/v2\/pages\/1160"}],"wp:featuredmedia":[{"embeddable":true,"href":"https:\/\/cortedacqua.it\/de\/wp-json\/wp\/v2\/media\/591"}],"wp:attachment":[{"href":"https:\/\/cortedacqua.it\/de\/wp-json\/wp\/v2\/media?parent=1168"}],"curies":[{"name":"wp","href":"https:\/\/api.w.org\/{rel}","templated":true}]}}