{"id":1177,"date":"2017-06-15T09:11:17","date_gmt":"2017-06-15T07:11:17","guid":{"rendered":"http:\/\/cortedacqua.it\/das-gebiet\/die-ummauerte-stadte-von-monselice-und-montagnana\/montagnana\/"},"modified":"2017-12-04T17:13:47","modified_gmt":"2017-12-04T16:13:47","slug":"montagnana","status":"publish","type":"page","link":"https:\/\/cortedacqua.it\/de\/das-gebiet\/die-ummauerte-stadte-von-monselice-und-montagnana\/montagnana\/","title":{"rendered":"Montagnana"},"content":{"rendered":"<p>Die Kommune, gelegt in der Provinz von Padua, z\u00e4hlt ungef\u00e4hr 10.000 Einwohner und steht im Herzen des Po Tales auf, auf der Grenze der St\u00e4dte von Verona und Vicenza. Bez\u00fcglich des Klimas, genie\u00dft die Zitadelle ein besonderes Klima, mit der Temperatur von 23 \u00b0 im Juli, der hei\u00dfeste Monat des Jahres, wohingegen 5 \u00b0 im k\u00e4ltesten.<\/p>\n<p>Urspr\u00fcnglich konnte das Gebiet von Montagnana ungastlich scheinen, bis zu einem nat\u00fcrlichen Ereignis, das permanent den Flu\u00df Weg von Adige \u00e4nderte, die h\u00e4ufigen Fluten beseitigten, die Jahr f\u00fcr Jahr kamen. Seit dieser Zeit entwickelte sich die Zitadelle, und jetzt wird ihre Wirtschaft haupts\u00e4chlich zum prim\u00e4ren Sektor verbunden, selbst wenn es viele Handfertigkeitst\u00e4tigkeiten und Industrien gibt.<\/p>\n<p>Unter den typischen lokalen Produkten erw\u00e4hnen wir Mobiliar und den Venezianischen Berico-Euganeo Schinken. Die zahllosen architektonischen Sch\u00f6nheiten verdienen einen Besuch auch. Die Kathedrale von Santa Maria Assunta wurde, zum Beispiel, mit einem sp\u00e4ten gotischen Stil gebaut, aber es hat einige Renaissancehinzuf\u00fcgungen; die Stadtmauern, eine der Hauptsehensw\u00fcrdigkeit, sind eines der besten bewahrten Beispiele in Europa der mittelalterlichen milit\u00e4rischen Architektur.<\/p>\n<p>Schlie\u00dflich &#8220; Palio dei 10 Comuni del Montagnese &#8220; (Palio der 10 Kommunen von Montagnese) ist das Juwel dieser Zitadelle, ein historischer Wiederinszenierung der Befreiung von der Tyrannei von Ezzelino III da Romano. Es wird jeden ersten Sonntag des Septembers inszeniert.<\/p>\n<p>Viele Ereignisse und Kultur, die verdienen, Besuch zu sein.<\/p>\n","protected":false},"excerpt":{"rendered":"<p>Die Kommune, gelegt in der Provinz von Padua, z\u00e4hlt ungef\u00e4hr 10.000 Einwohner und steht im Herzen des Po Tales auf, auf der Grenze der St\u00e4dte von Verona und Vicenza. Bez\u00fcglich des Klimas, genie\u00dft die Zitadelle ein besonderes Klima, mit der Temperatur von 23 \u00b0 im Juli, der hei\u00dfeste Monat des Jahres, wohingegen 5 \u00b0 im [&hellip;]<\/p>\n","protected":false},"author":1,"featured_media":213,"parent":1160,"menu_order":67,"comment_status":"closed","ping_status":"closed","template":"","meta":{"_acf_changed":false,"footnotes":""},"class_list":["post-1177","page","type-page","status-publish","has-post-thumbnail","hentry"],"acf":[],"_links":{"self":[{"href":"https:\/\/cortedacqua.it\/de\/wp-json\/wp\/v2\/pages\/1177","targetHints":{"allow":["GET"]}}],"collection":[{"href":"https:\/\/cortedacqua.it\/de\/wp-json\/wp\/v2\/pages"}],"about":[{"href":"https:\/\/cortedacqua.it\/de\/wp-json\/wp\/v2\/types\/page"}],"author":[{"embeddable":true,"href":"https:\/\/cortedacqua.it\/de\/wp-json\/wp\/v2\/users\/1"}],"replies":[{"embeddable":true,"href":"https:\/\/cortedacqua.it\/de\/wp-json\/wp\/v2\/comments?post=1177"}],"version-history":[{"count":2,"href":"https:\/\/cortedacqua.it\/de\/wp-json\/wp\/v2\/pages\/1177\/revisions"}],"predecessor-version":[{"id":1181,"href":"https:\/\/cortedacqua.it\/de\/wp-json\/wp\/v2\/pages\/1177\/revisions\/1181"}],"up":[{"embeddable":true,"href":"https:\/\/cortedacqua.it\/de\/wp-json\/wp\/v2\/pages\/1160"}],"wp:featuredmedia":[{"embeddable":true,"href":"https:\/\/cortedacqua.it\/de\/wp-json\/wp\/v2\/media\/213"}],"wp:attachment":[{"href":"https:\/\/cortedacqua.it\/de\/wp-json\/wp\/v2\/media?parent=1177"}],"curies":[{"name":"wp","href":"https:\/\/api.w.org\/{rel}","templated":true}]}}