{"id":1184,"date":"2017-09-06T11:56:17","date_gmt":"2017-09-06T09:56:17","guid":{"rendered":"http:\/\/cortedacqua.it\/das-gebiet\/golf-club\/"},"modified":"2022-12-02T12:40:18","modified_gmt":"2022-12-02T11:40:18","slug":"golf-club","status":"publish","type":"page","link":"https:\/\/cortedacqua.it\/de\/das-gebiet\/golf-club\/","title":{"rendered":"Golf Club"},"content":{"rendered":"<p>Drei Golfpl\u00e4tze mit verschiedenen Eigenschaften, die auf ihren Ort und Eleganz bestehen. Der erste paduanen Golfplatz entsteht im Herzen von Euganean H\u00fcgeln und teilt eine Grenze mit der Villa Barbarigo aus dem siebzehnten Jahrhundert.<\/p>\n<p>Es umfasst 27 L\u00f6cher, die von den Architekten John Harris von Studio-Baumwolle in London entworfen waren. Andererseits der Golfschl\u00e4ger Montecchia, im 1988 gegr\u00fcndet, wurde vom ber\u00fchmten Architekten Tom Macauley bestimmt, der in dieser Zeit Pr\u00e4sident der britischen Gesellschaft von Golfplatz-Architekten war. Der Golfschl\u00e4ger Frassanelle entsteht im Herzen von Euganean H\u00fcgeln auch, und das Projekt wurde, im Jahr 1990, vom ber\u00fchmten venezianischen Architekten Giuseppe Jappelli bestimmt, der einen Park von mehr als 200 Hektaren in der breiten Schicklichkeit der Villa Papafava realisierte.<\/p>\n","protected":false},"excerpt":{"rendered":"<p>Drei Golfpl\u00e4tze mit verschiedenen Eigenschaften, die auf ihren Ort und Eleganz bestehen. Der erste paduanen Golfplatz entsteht im Herzen von Euganean H\u00fcgeln und teilt eine Grenze mit der Villa Barbarigo aus dem siebzehnten Jahrhundert. Es umfasst 27 L\u00f6cher, die von den Architekten John Harris von Studio-Baumwolle in London entworfen waren. Andererseits der Golfschl\u00e4ger Montecchia, im [&hellip;]<\/p>\n","protected":false},"author":1,"featured_media":909,"parent":1122,"menu_order":70,"comment_status":"closed","ping_status":"closed","template":"","meta":{"_acf_changed":false,"footnotes":""},"class_list":["post-1184","page","type-page","status-publish","has-post-thumbnail","hentry"],"acf":[],"_links":{"self":[{"href":"https:\/\/cortedacqua.it\/de\/wp-json\/wp\/v2\/pages\/1184","targetHints":{"allow":["GET"]}}],"collection":[{"href":"https:\/\/cortedacqua.it\/de\/wp-json\/wp\/v2\/pages"}],"about":[{"href":"https:\/\/cortedacqua.it\/de\/wp-json\/wp\/v2\/types\/page"}],"author":[{"embeddable":true,"href":"https:\/\/cortedacqua.it\/de\/wp-json\/wp\/v2\/users\/1"}],"replies":[{"embeddable":true,"href":"https:\/\/cortedacqua.it\/de\/wp-json\/wp\/v2\/comments?post=1184"}],"version-history":[{"count":4,"href":"https:\/\/cortedacqua.it\/de\/wp-json\/wp\/v2\/pages\/1184\/revisions"}],"predecessor-version":[{"id":2149,"href":"https:\/\/cortedacqua.it\/de\/wp-json\/wp\/v2\/pages\/1184\/revisions\/2149"}],"up":[{"embeddable":true,"href":"https:\/\/cortedacqua.it\/de\/wp-json\/wp\/v2\/pages\/1122"}],"wp:featuredmedia":[{"embeddable":true,"href":"https:\/\/cortedacqua.it\/de\/wp-json\/wp\/v2\/media\/909"}],"wp:attachment":[{"href":"https:\/\/cortedacqua.it\/de\/wp-json\/wp\/v2\/media?parent=1184"}],"curies":[{"name":"wp","href":"https:\/\/api.w.org\/{rel}","templated":true}]}}