{"id":1192,"date":"2017-07-14T14:30:37","date_gmt":"2017-07-14T12:30:37","guid":{"rendered":"http:\/\/cortedacqua.it\/das-gebiet\/golf-club\/golf-club-montecchia\/"},"modified":"2017-12-04T17:51:36","modified_gmt":"2017-12-04T16:51:36","slug":"golf-club-montecchia","status":"publish","type":"page","link":"https:\/\/cortedacqua.it\/de\/das-gebiet\/golf-club\/golf-club-montecchia\/","title":{"rendered":"Golf Club Montecchia"},"content":{"rendered":"<p>Die Struktur wurde 1988 von einer Gruppe des venezianischen Unternehmers gegr\u00fcndet und der Kurs, der einen hoch technischen Inhalt pr\u00e4sentiert, wurde vom ber\u00fchmten Architekten Tom Macauley bestimmt, der in dieser Zeit Pr\u00e4sident der britischen Gesellschaft von Golfplatz-Architekten war.<\/p>\n<p>Die Kurse sind 3 (wei\u00df, rot und gelb) und sie entwickeln sich in 27 L\u00f6chern ein bi\u00dfchen bewegt, um die Landschaft von der Umgebung zu unterscheiden, die das Kr\u00e4useln der nahe gelegenen Euganean H\u00fcgel ist. W\u00e4hrend der Jahre wurde der grasige Teppich zu Bermudagrass umgesetzt, der in Winterzeit gelb wird, aber das zu Hochtemperaturen st\u00e4rker ist und weniger Wasserversorgung w\u00e4hrend des Sommers braucht.<\/p>\n<p>F\u00fcr weitere Informationen, besuchen Sie den <a href=\"http:\/\/www.golfmontecchia.it\/de\/\">Golf Club La Montecchia<\/a> Website.<\/p>\n","protected":false},"excerpt":{"rendered":"<p>Die Struktur wurde 1988 von einer Gruppe des venezianischen Unternehmers gegr\u00fcndet und der Kurs, der einen hoch technischen Inhalt pr\u00e4sentiert, wurde vom ber\u00fchmten Architekten Tom Macauley bestimmt, der in dieser Zeit Pr\u00e4sident der britischen Gesellschaft von Golfplatz-Architekten war. Die Kurse sind 3 (wei\u00df, rot und gelb) und sie entwickeln sich in 27 L\u00f6chern ein bi\u00dfchen [&hellip;]<\/p>\n","protected":false},"author":1,"featured_media":239,"parent":1184,"menu_order":74,"comment_status":"closed","ping_status":"closed","template":"","meta":{"_acf_changed":false,"footnotes":""},"class_list":["post-1192","page","type-page","status-publish","has-post-thumbnail","hentry"],"acf":[],"_links":{"self":[{"href":"https:\/\/cortedacqua.it\/de\/wp-json\/wp\/v2\/pages\/1192","targetHints":{"allow":["GET"]}}],"collection":[{"href":"https:\/\/cortedacqua.it\/de\/wp-json\/wp\/v2\/pages"}],"about":[{"href":"https:\/\/cortedacqua.it\/de\/wp-json\/wp\/v2\/types\/page"}],"author":[{"embeddable":true,"href":"https:\/\/cortedacqua.it\/de\/wp-json\/wp\/v2\/users\/1"}],"replies":[{"embeddable":true,"href":"https:\/\/cortedacqua.it\/de\/wp-json\/wp\/v2\/comments?post=1192"}],"version-history":[{"count":2,"href":"https:\/\/cortedacqua.it\/de\/wp-json\/wp\/v2\/pages\/1192\/revisions"}],"predecessor-version":[{"id":1196,"href":"https:\/\/cortedacqua.it\/de\/wp-json\/wp\/v2\/pages\/1192\/revisions\/1196"}],"up":[{"embeddable":true,"href":"https:\/\/cortedacqua.it\/de\/wp-json\/wp\/v2\/pages\/1184"}],"wp:featuredmedia":[{"embeddable":true,"href":"https:\/\/cortedacqua.it\/de\/wp-json\/wp\/v2\/media\/239"}],"wp:attachment":[{"href":"https:\/\/cortedacqua.it\/de\/wp-json\/wp\/v2\/media?parent=1192"}],"curies":[{"name":"wp","href":"https:\/\/api.w.org\/{rel}","templated":true}]}}