{"id":1221,"date":"2017-08-21T17:17:24","date_gmt":"2017-08-21T15:17:24","guid":{"rendered":"http:\/\/cortedacqua.it\/das-gebiet\/kunststaedte-von-veneto\/verona\/"},"modified":"2017-12-05T10:34:16","modified_gmt":"2017-12-05T09:34:16","slug":"verona","status":"publish","type":"page","link":"https:\/\/cortedacqua.it\/de\/das-gebiet\/kunststaedte-von-veneto\/verona\/","title":{"rendered":"Verona"},"content":{"rendered":"<p>Verona ist eine Kommune von ungef\u00e4hr 300.000 Einwohnern, bekannt f\u00fcr den Ungl\u00fcck von <strong>Romeo und Juliet<\/strong>. Sie war menschliches Erbe durch die UNESCO dank ihrer st\u00e4dtischen Struktur und Architektur erkl\u00e4rte. Die Stadt erhebt sich entlang dem Flu\u00df Adige genau, wo es im Po Tal hineingeht. Dieser Platz symbolisierte in alten Zeiten einen <strong>Knotenpunkt <\/strong>f\u00fcr alle Bef\u00f6rderungsmittel durch Land und auf dem Seeweg des nord\u00f6stlichen Italiens.<\/p>\n<p>Die Stadt ist wirklich hinweisend, und es wird durch die r\u00f6mischen Reste, mittelalterliche Spuren, alte Pal\u00e4ste, Pl\u00e4tze, Br\u00fccken und erstaunliche Kirchen, charakterisiert, alle Pl\u00e4tze in einem Mann Stadt-Gr\u00f6\u00dfe zu entdecken, der f\u00fcr seine Eleganz verzaubert. Im historischen Stadtzentrum schlagen wir Sie vor, Piazza Bra und die Arena, Piazza delle Erbe und Piazza dei Signori, Via Cappello und Corso Porta Borsari, das r\u00f6mische Theater, Ponte Pietra, Castelvecchio, Ponte Scaligero und die historischen Kirchen von San Fermo und Sant&#8217;Anastasia, der Kathedrale und San Zeno zu besuchen.<\/p>\n<p>F\u00fcr Information \u00fcber die Besuche und Strecken, besuchen Sie die Website: <a href=\"http:\/\/www.tourism.verona.it\/de\">http:\/\/www.tourism.verona.it\/de<\/a><\/p>\n","protected":false},"excerpt":{"rendered":"<p>Verona ist eine Kommune von ungef\u00e4hr 300.000 Einwohnern, bekannt f\u00fcr den Ungl\u00fcck von Romeo und Juliet. Sie war menschliches Erbe durch die UNESCO dank ihrer st\u00e4dtischen Struktur und Architektur erkl\u00e4rte. Die Stadt erhebt sich entlang dem Flu\u00df Adige genau, wo es im Po Tal hineingeht. Dieser Platz symbolisierte in alten Zeiten einen Knotenpunkt f\u00fcr alle [&hellip;]<\/p>\n","protected":false},"author":1,"featured_media":682,"parent":1215,"menu_order":85,"comment_status":"closed","ping_status":"closed","template":"","meta":{"_acf_changed":false,"footnotes":""},"class_list":["post-1221","page","type-page","status-publish","has-post-thumbnail","hentry"],"acf":[],"_links":{"self":[{"href":"https:\/\/cortedacqua.it\/de\/wp-json\/wp\/v2\/pages\/1221","targetHints":{"allow":["GET"]}}],"collection":[{"href":"https:\/\/cortedacqua.it\/de\/wp-json\/wp\/v2\/pages"}],"about":[{"href":"https:\/\/cortedacqua.it\/de\/wp-json\/wp\/v2\/types\/page"}],"author":[{"embeddable":true,"href":"https:\/\/cortedacqua.it\/de\/wp-json\/wp\/v2\/users\/1"}],"replies":[{"embeddable":true,"href":"https:\/\/cortedacqua.it\/de\/wp-json\/wp\/v2\/comments?post=1221"}],"version-history":[{"count":2,"href":"https:\/\/cortedacqua.it\/de\/wp-json\/wp\/v2\/pages\/1221\/revisions"}],"predecessor-version":[{"id":1225,"href":"https:\/\/cortedacqua.it\/de\/wp-json\/wp\/v2\/pages\/1221\/revisions\/1225"}],"up":[{"embeddable":true,"href":"https:\/\/cortedacqua.it\/de\/wp-json\/wp\/v2\/pages\/1215"}],"wp:featuredmedia":[{"embeddable":true,"href":"https:\/\/cortedacqua.it\/de\/wp-json\/wp\/v2\/media\/682"}],"wp:attachment":[{"href":"https:\/\/cortedacqua.it\/de\/wp-json\/wp\/v2\/media?parent=1221"}],"curies":[{"name":"wp","href":"https:\/\/api.w.org\/{rel}","templated":true}]}}