{"id":1228,"date":"2017-09-06T10:43:10","date_gmt":"2017-09-06T08:43:10","guid":{"rendered":"http:\/\/cortedacqua.it\/das-gebiet\/kunststaedte-von-veneto\/vicenza\/"},"modified":"2017-12-05T10:45:52","modified_gmt":"2017-12-05T09:45:52","slug":"vicenza","status":"publish","type":"page","link":"https:\/\/cortedacqua.it\/de\/das-gebiet\/kunststaedte-von-veneto\/vicenza\/","title":{"rendered":"Vicenza"},"content":{"rendered":"<p>Vicenza ist eine der \u00e4ltesten St\u00e4dte in Veneto. Vicenza ist ein echtes Freiluftmuseum, dank seiner sch\u00f6nen Pal\u00e4ste, alten Br\u00fccken und Pl\u00e4tze. \u00a0Diese Stadt ist f\u00fcr die Arbeiten des sch\u00f6nsten Palladio gekannt, die f\u00fcr die Besonderheit seiner H\u00e4user und seiner ruhigen Stra\u00dfen charakterisiert ist.<\/p>\n<p>Die F\u00fcnfhundert waren das Goldjahrhundert, weil Palladio mit seinem klassischen Stil, \u00a0unsterbliche Arbeiten wie die Basilika, eines der sch\u00f6nsten Renaissancegeb\u00e4ude Europas, Landhaus Almerico Capra Valmarana, &#8220; La Rotonda &#8220; genannt, wirklich besondere in seiner Einfachheit und schlie\u00dflich das olympische Theater, letzte Arbeit des K\u00fcnstlers, v\u00f6llig gemacht aus Holz und Pflaster nach den klassischen Regeln, realisierte.<\/p>\n<p>Die Website &#8220; Vicenza Stadt von Palladio &#8220; ist heutzutage Erbe von UNESCO.<\/p>\n<p>F\u00fcr mehr Information besuchen die Webseite der Kommune: <a href=\"http:\/\/www.comune.vicenza.it\/utilita\/de.php\">http:\/\/www.comune.vicenza.it\/utilita\/de.php<\/a><\/p>\n","protected":false},"excerpt":{"rendered":"<p>Vicenza ist eine der \u00e4ltesten St\u00e4dte in Veneto. Vicenza ist ein echtes Freiluftmuseum, dank seiner sch\u00f6nen Pal\u00e4ste, alten Br\u00fccken und Pl\u00e4tze. \u00a0Diese Stadt ist f\u00fcr die Arbeiten des sch\u00f6nsten Palladio gekannt, die f\u00fcr die Besonderheit seiner H\u00e4user und seiner ruhigen Stra\u00dfen charakterisiert ist. Die F\u00fcnfhundert waren das Goldjahrhundert, weil Palladio mit seinem klassischen Stil, \u00a0unsterbliche [&hellip;]<\/p>\n","protected":false},"author":1,"featured_media":767,"parent":1215,"menu_order":88,"comment_status":"closed","ping_status":"closed","template":"","meta":{"_acf_changed":false,"footnotes":""},"class_list":["post-1228","page","type-page","status-publish","has-post-thumbnail","hentry"],"acf":[],"_links":{"self":[{"href":"https:\/\/cortedacqua.it\/de\/wp-json\/wp\/v2\/pages\/1228","targetHints":{"allow":["GET"]}}],"collection":[{"href":"https:\/\/cortedacqua.it\/de\/wp-json\/wp\/v2\/pages"}],"about":[{"href":"https:\/\/cortedacqua.it\/de\/wp-json\/wp\/v2\/types\/page"}],"author":[{"embeddable":true,"href":"https:\/\/cortedacqua.it\/de\/wp-json\/wp\/v2\/users\/1"}],"replies":[{"embeddable":true,"href":"https:\/\/cortedacqua.it\/de\/wp-json\/wp\/v2\/comments?post=1228"}],"version-history":[{"count":2,"href":"https:\/\/cortedacqua.it\/de\/wp-json\/wp\/v2\/pages\/1228\/revisions"}],"predecessor-version":[{"id":1232,"href":"https:\/\/cortedacqua.it\/de\/wp-json\/wp\/v2\/pages\/1228\/revisions\/1232"}],"up":[{"embeddable":true,"href":"https:\/\/cortedacqua.it\/de\/wp-json\/wp\/v2\/pages\/1215"}],"wp:featuredmedia":[{"embeddable":true,"href":"https:\/\/cortedacqua.it\/de\/wp-json\/wp\/v2\/media\/767"}],"wp:attachment":[{"href":"https:\/\/cortedacqua.it\/de\/wp-json\/wp\/v2\/media?parent=1228"}],"curies":[{"name":"wp","href":"https:\/\/api.w.org\/{rel}","templated":true}]}}