{"id":1236,"date":"2017-08-21T17:56:46","date_gmt":"2017-08-21T15:56:46","guid":{"rendered":"http:\/\/cortedacqua.it\/das-gebiet\/la-riviera-del-brenta-e-le-sue-ville-venete\/"},"modified":"2022-12-02T12:42:16","modified_gmt":"2022-12-02T11:42:16","slug":"der-riviera-von-brenta-und-seine-venezianischen-villas","status":"publish","type":"page","link":"https:\/\/cortedacqua.it\/de\/das-gebiet\/der-riviera-von-brenta-und-seine-venezianischen-villas\/","title":{"rendered":"Der Riviera von Brenta und seine Venezianischen Villas"},"content":{"rendered":"<p><strong>Der Riviera von Brenta ist ein venezianisches Gebiet, das die Provinzen von Padua und Venedig<\/strong> durchgeht, entlang dem Flu\u00df Brenta, und fasst Villas, gr\u00fcne Ecken und Restaurants mit typischen lokalen Tellern um. Der Riviera von Brenta hat ein Goldenes Zeitalter zwischen 1500 und 1600 gelebt, weil die reichen Venezianischen Patrioten das Gebiet als idealer Platz des Urlaubs w\u00e4hlten. Tats\u00e4chlich ist es ein wohlbekanntes Gebiet f\u00fcr die zahlreichen Landh\u00e4user (Villas), einige von ihnen offen der \u00d6ffentlichkeit, die Architektur, die sch\u00f6nen G\u00e4rten und viele Freskomalerei zu bewundern, die Sie in diesen B\u00fcrgerh\u00e4usern finden werden. In 36 Kilometern vermischen sich der Landschaft, Kunst, Kultur und Geschichte zusammen. Unter den besuchbaren historischen B\u00fcrgerh\u00e4usern k\u00f6nnen wir erw\u00e4hnen: Villa Foscarini Rossi, Villa Pisani (die beeindruckteste), Villa Widman in Mira und schlie\u00dflich, nahe Fusina, Villa Foscari, bekannt als &#8220; La Malcontenta &#8222;, die auf eine Zeichnung von Palladio erbaut wurde.<\/p>\n<p>Andere Landh\u00e4user, die einen Besuch verdienen, selbst wenn gerade von der Au\u00dfenseite, sind: Villa Barbariga, nahe Dolo, Villa Querini Stampalia in Mira und Villa Gardenigo in Oriago.<\/p>\n<p>F\u00fcr mehr Informationen besuchen die Webseite: <a href=\"http:\/\/www.rivieradelbrenta.biz\/\" target=\"_blank\" rel=\"noopener\">http:\/\/www.rivieradelbrenta.biz\/<\/a><\/p>\n","protected":false},"excerpt":{"rendered":"<p>Der Riviera von Brenta ist ein venezianisches Gebiet, das die Provinzen von Padua und Venedig durchgeht, entlang dem Flu\u00df Brenta, und fasst Villas, gr\u00fcne Ecken und Restaurants mit typischen lokalen Tellern um. Der Riviera von Brenta hat ein Goldenes Zeitalter zwischen 1500 und 1600 gelebt, weil die reichen Venezianischen Patrioten das Gebiet als idealer Platz [&hellip;]<\/p>\n","protected":false},"author":1,"featured_media":945,"parent":1122,"menu_order":91,"comment_status":"closed","ping_status":"closed","template":"","meta":{"_acf_changed":false,"footnotes":""},"class_list":["post-1236","page","type-page","status-publish","has-post-thumbnail","hentry"],"acf":[],"_links":{"self":[{"href":"https:\/\/cortedacqua.it\/de\/wp-json\/wp\/v2\/pages\/1236","targetHints":{"allow":["GET"]}}],"collection":[{"href":"https:\/\/cortedacqua.it\/de\/wp-json\/wp\/v2\/pages"}],"about":[{"href":"https:\/\/cortedacqua.it\/de\/wp-json\/wp\/v2\/types\/page"}],"author":[{"embeddable":true,"href":"https:\/\/cortedacqua.it\/de\/wp-json\/wp\/v2\/users\/1"}],"replies":[{"embeddable":true,"href":"https:\/\/cortedacqua.it\/de\/wp-json\/wp\/v2\/comments?post=1236"}],"version-history":[{"count":4,"href":"https:\/\/cortedacqua.it\/de\/wp-json\/wp\/v2\/pages\/1236\/revisions"}],"predecessor-version":[{"id":2155,"href":"https:\/\/cortedacqua.it\/de\/wp-json\/wp\/v2\/pages\/1236\/revisions\/2155"}],"up":[{"embeddable":true,"href":"https:\/\/cortedacqua.it\/de\/wp-json\/wp\/v2\/pages\/1122"}],"wp:featuredmedia":[{"embeddable":true,"href":"https:\/\/cortedacqua.it\/de\/wp-json\/wp\/v2\/media\/945"}],"wp:attachment":[{"href":"https:\/\/cortedacqua.it\/de\/wp-json\/wp\/v2\/media?parent=1236"}],"curies":[{"name":"wp","href":"https:\/\/api.w.org\/{rel}","templated":true}]}}