{"id":1248,"date":"2017-08-22T11:27:16","date_gmt":"2017-08-22T09:27:16","guid":{"rendered":"http:\/\/cortedacqua.it\/das-gebiet\/der-riviera-von-brenta-und-seine-venezianischen-villas\/villa-widmann\/"},"modified":"2017-12-05T11:13:15","modified_gmt":"2017-12-05T10:13:15","slug":"villa-widmann","status":"publish","type":"page","link":"https:\/\/cortedacqua.it\/de\/das-gebiet\/der-riviera-von-brenta-und-seine-venezianischen-villas\/villa-widmann\/","title":{"rendered":"Villa Widmann"},"content":{"rendered":"<p>Villa Widmann Rezzonico Foscari, gebaut von die venezianischen Adligen f\u00fcr ihren Feiertagen, ist ein gl\u00e4nzendes Beispiel des Villa in Rokokostil mit franz\u00f6sischem Geschmack, gelegt in einer strategischen Position, fast an dem halben Weg zwischen Venedig und Padua. Die neue Wiederherstellung durch die Hauptst\u00e4dtische Stadt von Venedig, Inhaber der Villa, die die Pracht der Vergangenheit, dank der vollkommenen Mischung zwischen dem historischen Wert und der modernen technischen Ausr\u00fcstung, zur\u00fcckgab.<\/p>\n<p>Der Komplex wird durch das dominical Haus, die Kolonnade, den Treibhaus, Kapelle, historischen Garten und Monumental Park zusammengesetzt. Der letzte hat Zypressen, Pferd-Kastanie und viele Felsen-Statuen, wie Ninfee und Amoretten, w\u00e4hrend auf der richtigen Seite, findet ein kleiner romantischer See, Erschaffung des neunzehnten Jahrhunderts mit vielen Zypressen statt. Auf der rechte Seite des Komplexes, am Ende des S\u00e4ulengangs der Kolonnade, gibt es die Nichtjude-Kapelle mit einigen Gebieten f\u00fcr Liturgik-Dienst.<\/p>\n<p>F\u00fcr weitere Informationen \u00fcber die Besuche und Ereignisse: <a href=\"http:\/\/villawidmann.servizimetropolitani.ve.it\/en\/\">http:\/\/villawidmann.servizimetropolitani.ve.it\/en\/<\/a><\/p>\n<p>&nbsp;<\/p>\n","protected":false},"excerpt":{"rendered":"<p>Villa Widmann Rezzonico Foscari, gebaut von die venezianischen Adligen f\u00fcr ihren Feiertagen, ist ein gl\u00e4nzendes Beispiel des Villa in Rokokostil mit franz\u00f6sischem Geschmack, gelegt in einer strategischen Position, fast an dem halben Weg zwischen Venedig und Padua. Die neue Wiederherstellung durch die Hauptst\u00e4dtische Stadt von Venedig, Inhaber der Villa, die die Pracht der Vergangenheit, dank [&hellip;]<\/p>\n","protected":false},"author":1,"featured_media":663,"parent":1236,"menu_order":98,"comment_status":"closed","ping_status":"closed","template":"","meta":{"_acf_changed":false,"footnotes":""},"class_list":["post-1248","page","type-page","status-publish","has-post-thumbnail","hentry"],"acf":[],"_links":{"self":[{"href":"https:\/\/cortedacqua.it\/de\/wp-json\/wp\/v2\/pages\/1248","targetHints":{"allow":["GET"]}}],"collection":[{"href":"https:\/\/cortedacqua.it\/de\/wp-json\/wp\/v2\/pages"}],"about":[{"href":"https:\/\/cortedacqua.it\/de\/wp-json\/wp\/v2\/types\/page"}],"author":[{"embeddable":true,"href":"https:\/\/cortedacqua.it\/de\/wp-json\/wp\/v2\/users\/1"}],"replies":[{"embeddable":true,"href":"https:\/\/cortedacqua.it\/de\/wp-json\/wp\/v2\/comments?post=1248"}],"version-history":[{"count":2,"href":"https:\/\/cortedacqua.it\/de\/wp-json\/wp\/v2\/pages\/1248\/revisions"}],"predecessor-version":[{"id":1252,"href":"https:\/\/cortedacqua.it\/de\/wp-json\/wp\/v2\/pages\/1248\/revisions\/1252"}],"up":[{"embeddable":true,"href":"https:\/\/cortedacqua.it\/de\/wp-json\/wp\/v2\/pages\/1236"}],"wp:featuredmedia":[{"embeddable":true,"href":"https:\/\/cortedacqua.it\/de\/wp-json\/wp\/v2\/media\/663"}],"wp:attachment":[{"href":"https:\/\/cortedacqua.it\/de\/wp-json\/wp\/v2\/media?parent=1248"}],"curies":[{"name":"wp","href":"https:\/\/api.w.org\/{rel}","templated":true}]}}