{"id":1254,"date":"2017-08-22T11:01:27","date_gmt":"2017-08-22T09:01:27","guid":{"rendered":"http:\/\/cortedacqua.it\/das-gebiet\/der-riviera-von-brenta-und-seine-venezianischen-villas\/villa-foscarini-rossi-museo-della-calzatura\/"},"modified":"2017-12-05T11:38:28","modified_gmt":"2017-12-05T10:38:28","slug":"villa-foscarini-rossi-und-das-schuhwerk-museum","status":"publish","type":"page","link":"https:\/\/cortedacqua.it\/de\/das-gebiet\/der-riviera-von-brenta-und-seine-venezianischen-villas\/villa-foscarini-rossi-und-das-schuhwerk-museum\/","title":{"rendered":"Villa Foscarini Rossi und das Schuhwerk-Museum"},"content":{"rendered":"<p>Entlang dem Flu\u00df Brenta, in der N\u00e4he Stra, erhebt sich der <strong>architektonische Komplex des siebzehnten Jahrhunderts von Villa Foscarini-Rossi<\/strong>, Feiertagsb\u00fcrgerhaus f\u00fcr edle venezianische Familien. Nach die Angewohnheit der Zeit, ber\u00fchmte Architekten, wie Vincenzo Scamozzi, Francesco Contini, Giuseppe Jappelli, wurden Maler und Dekorateure, wie Pietro Liberi und Domenico de Bruni, waren hereingerufen, um zu schaffen, und einen Wohnsitz zu schm\u00fccken, der die Bedeutung vom Haus ausdr\u00fccken mu\u00dfte.<\/p>\n<p>Nach einer wichtigen Wiederherstellung wird die Reinheit von architektonische Linien und der Freskomalerei jetzt sogar mehr verbessert, wohingegen die Villa und das G\u00e4stehaus sind zum Publikum ge\u00f6ffnet und sie wurden jetzt Sitz von Museen oder Gebiet f\u00fcr Meeting, Versammlungen, Ausstellungen.<\/p>\n<p>In die Villa gibt es das Rossimoda Museum des Schuhwerkes, durch die Idee von Luigino Rossi, Pr\u00e4sident der Schuh-Fabrik, entstand wurde, um die am meisten vertretenden St\u00fccke der Firma seit dem 50 Jahr der Machenschaften auszustellen. Der Ausstellungsweg wurde bestimmt, um den Beitrag jeder Mode-H\u00e4user zu valorisieren, und ein wachsames Auge auf die stilistische Entwicklung des &#8222;griffe&#8220; entlang den Jahren \u00a0halten.<\/p>\n<p>F\u00fcr weitere Informationen \u00fcber die Villa, besuchen Sie die Seite:\u00a0<a href=\"http:\/\/www.villafoscarini.it\/en\/\">http:\/\/www.villafoscarini.it\/en\/<\/a><\/p>\n","protected":false},"excerpt":{"rendered":"<p>Entlang dem Flu\u00df Brenta, in der N\u00e4he Stra, erhebt sich der architektonische Komplex des siebzehnten Jahrhunderts von Villa Foscarini-Rossi, Feiertagsb\u00fcrgerhaus f\u00fcr edle venezianische Familien. Nach die Angewohnheit der Zeit, ber\u00fchmte Architekten, wie Vincenzo Scamozzi, Francesco Contini, Giuseppe Jappelli, wurden Maler und Dekorateure, wie Pietro Liberi und Domenico de Bruni, waren hereingerufen, um zu schaffen, und [&hellip;]<\/p>\n","protected":false},"author":1,"featured_media":655,"parent":1236,"menu_order":100,"comment_status":"closed","ping_status":"closed","template":"","meta":{"_acf_changed":false,"footnotes":""},"class_list":["post-1254","page","type-page","status-publish","has-post-thumbnail","hentry"],"acf":[],"_links":{"self":[{"href":"https:\/\/cortedacqua.it\/de\/wp-json\/wp\/v2\/pages\/1254","targetHints":{"allow":["GET"]}}],"collection":[{"href":"https:\/\/cortedacqua.it\/de\/wp-json\/wp\/v2\/pages"}],"about":[{"href":"https:\/\/cortedacqua.it\/de\/wp-json\/wp\/v2\/types\/page"}],"author":[{"embeddable":true,"href":"https:\/\/cortedacqua.it\/de\/wp-json\/wp\/v2\/users\/1"}],"replies":[{"embeddable":true,"href":"https:\/\/cortedacqua.it\/de\/wp-json\/wp\/v2\/comments?post=1254"}],"version-history":[{"count":2,"href":"https:\/\/cortedacqua.it\/de\/wp-json\/wp\/v2\/pages\/1254\/revisions"}],"predecessor-version":[{"id":1258,"href":"https:\/\/cortedacqua.it\/de\/wp-json\/wp\/v2\/pages\/1254\/revisions\/1258"}],"up":[{"embeddable":true,"href":"https:\/\/cortedacqua.it\/de\/wp-json\/wp\/v2\/pages\/1236"}],"wp:featuredmedia":[{"embeddable":true,"href":"https:\/\/cortedacqua.it\/de\/wp-json\/wp\/v2\/media\/655"}],"wp:attachment":[{"href":"https:\/\/cortedacqua.it\/de\/wp-json\/wp\/v2\/media?parent=1254"}],"curies":[{"name":"wp","href":"https:\/\/api.w.org\/{rel}","templated":true}]}}