{"id":1324,"date":"2017-07-14T17:38:09","date_gmt":"2017-07-14T15:38:09","guid":{"rendered":"http:\/\/cortedacqua.it\/das-gebiet\/regionalpark-von-euganean-huegeln\/cicloturismo-euganeo\/"},"modified":"2018-01-16T15:50:25","modified_gmt":"2018-01-16T14:50:25","slug":"cicloturismo-euganeo","status":"publish","type":"page","link":"https:\/\/cortedacqua.it\/de\/das-gebiet\/regionalpark-von-euganean-huegeln\/cicloturismo-euganeo\/","title":{"rendered":"Cicloturismo Euganeo"},"content":{"rendered":"<p>Sind Sie ein Fahrradenthusiast? <a href=\"http:\/\/www.cicloturismoeuganeo.it\/\">Cicloturismo Euganeo<\/a> ist die richtige Webseite f\u00fcr Sie. Wenn Sie ein Tourist sind, der die H\u00fcgel aus einer anderen Perspektive kennen lernen und den wahren Kontakt mit der Natur genie\u00dfen m\u00f6chten, sollten Sie die Ratschl\u00e4ge des Reisef\u00fchrers S.I.M.B. (Italienische Mountainbike Schule) auf\u00a0 jeden Fall kennen.<\/p>\n<p>Der Exkursionsvorschlag ist interessant und f\u00fcr jeden Benutzer geeignet, von Kindern bis zu Erwachsenen, von Amateuren bis zu Profis.<\/p>\n<p>Hier finden Sie einige Vorschl\u00e4ge:<\/p>\n<ul>\n<li><a href=\"http:\/\/www.cicloturismoeuganeo.it\/family-relax-abbazia-praglia-villa-vescovi\/\">Family &amp; Relax: Abbazia di Praglia-Villa Vescovi<\/a><\/li>\n<li><a href=\"http:\/\/www.cicloturismoeuganeo.it\/family-relax-villa-barbarigo-arqua-petrarca\/\" data-slimstat=\"5\">Family &amp; Relax: Villa Barbarigo e Arqu\u00e0 Petrarca<\/a><\/li>\n<li><a href=\"http:\/\/www.cicloturismoeuganeo.it\/anello-fluviale-padova\/\" data-slimstat=\"5\">Family &amp; relax: Anello Fluviale di Padova<\/a><\/li>\n<li><a href=\"http:\/\/www.cicloturismoeuganeo.it\/family-and-relax-la-ciclovia-del-brenta-padova-piazzola-sul-brenta\/\" data-slimstat=\"5\">Family and relax :la Ciclovia del Brenta da Padova a Piazzola sul Brenta<\/a><\/li>\n<li><a href=\"http:\/\/www.cicloturismoeuganeo.it\/ciclovia-del-veneto-i2\/\" data-slimstat=\"5\">Ciclovia del veneto:I2<\/a><\/li>\n<li><a href=\"http:\/\/www.cicloturismoeuganeo.it\/le-grandi-salite\/\" data-slimstat=\"5\">Le Grandi Salite in bici da Corsa<\/a><\/li>\n<li><a href=\"http:\/\/www.cicloturismoeuganeo.it\/anello-ciclabile-colli-euganei-e2\/\" data-slimstat=\"5\">Anello ciclabile dei colli euganei \u201cE2\u201d<\/a><\/li>\n<\/ul>\n<p>Kontaktieren Sie uns f\u00fcr weitere Informationen<\/p>\n","protected":false},"excerpt":{"rendered":"<p>Sind Sie ein Fahrradenthusiast? Cicloturismo Euganeo ist die richtige Webseite f\u00fcr Sie. Wenn Sie ein Tourist sind, der die H\u00fcgel aus einer anderen Perspektive kennen lernen und den wahren Kontakt mit der Natur genie\u00dfen m\u00f6chten, sollten Sie die Ratschl\u00e4ge des Reisef\u00fchrers S.I.M.B. (Italienische Mountainbike Schule) auf\u00a0 jeden Fall kennen. Der Exkursionsvorschlag ist interessant und f\u00fcr [&hellip;]<\/p>\n","protected":false},"author":1,"featured_media":0,"parent":1128,"menu_order":36,"comment_status":"closed","ping_status":"closed","template":"","meta":{"_acf_changed":false,"footnotes":""},"class_list":["post-1324","page","type-page","status-publish","hentry"],"acf":[],"_links":{"self":[{"href":"https:\/\/cortedacqua.it\/de\/wp-json\/wp\/v2\/pages\/1324","targetHints":{"allow":["GET"]}}],"collection":[{"href":"https:\/\/cortedacqua.it\/de\/wp-json\/wp\/v2\/pages"}],"about":[{"href":"https:\/\/cortedacqua.it\/de\/wp-json\/wp\/v2\/types\/page"}],"author":[{"embeddable":true,"href":"https:\/\/cortedacqua.it\/de\/wp-json\/wp\/v2\/users\/1"}],"replies":[{"embeddable":true,"href":"https:\/\/cortedacqua.it\/de\/wp-json\/wp\/v2\/comments?post=1324"}],"version-history":[{"count":2,"href":"https:\/\/cortedacqua.it\/de\/wp-json\/wp\/v2\/pages\/1324\/revisions"}],"predecessor-version":[{"id":1328,"href":"https:\/\/cortedacqua.it\/de\/wp-json\/wp\/v2\/pages\/1324\/revisions\/1328"}],"up":[{"embeddable":true,"href":"https:\/\/cortedacqua.it\/de\/wp-json\/wp\/v2\/pages\/1128"}],"wp:attachment":[{"href":"https:\/\/cortedacqua.it\/de\/wp-json\/wp\/v2\/media?parent=1324"}],"curies":[{"name":"wp","href":"https:\/\/api.w.org\/{rel}","templated":true}]}}