{"id":1337,"date":"2017-08-21T15:55:51","date_gmt":"2017-08-21T13:55:51","guid":{"rendered":"http:\/\/cortedacqua.it\/das-gebiet\/regionalpark-von-euganean-huegeln\/giardino-di-villa-barbarigo-a-valsanzibio\/"},"modified":"2018-01-16T17:18:51","modified_gmt":"2018-01-16T16:18:51","slug":"garten-der-villa-barbarigo-in-valsanzibio","status":"publish","type":"page","link":"https:\/\/cortedacqua.it\/de\/das-gebiet\/regionalpark-von-euganean-huegeln\/garten-der-villa-barbarigo-in-valsanzibio\/","title":{"rendered":"Garten der Villa Barbarigo in Valsanzibio"},"content":{"rendered":"<p>Der monumentale Komplex von Valsanzibio wurde nicht zuf\u00e4llig &#8222;Little Versailles\u201c genannt: es ist ein au\u00dfergew\u00f6hnliches Beispiel f\u00fcr Barockg\u00e4rten mit \u00fcber 60 Statuen aus Stein von Istrien.<\/p>\n<p>Der Garten von Valsanzibio wurde zwischen 1665 und 1696 gebaut\u00a0 und pr\u00e4sentiert sich heute als einer der umfangreichsten und gut herhaltensten historischen G\u00e4rten der Welt und hat den ersten Preis als &#8222;Die sch\u00f6nsten des italienischen Gartens\u201c \u00a0im Jahr 2003 und den dritten in Europa im Jahr 2007 gewonnen. In mehr als 10 Hektar k\u00f6nnen Sie mehr als 60 Statuen in Istrien Stein und viele kleineren Skulpturen finden, <strong>Flu\u00dfchen<\/strong>, <strong>Wasserf\u00e4lle<\/strong>, <strong>Brunnen<\/strong> und <strong>Teiche<\/strong>.<\/p>\n<h4>Suchen Sie ein besonderes Erlebnis?<\/h4>\n<p>Der monumentale Garten bietet drei Veranstaltungen nach Reservierung:<\/p>\n<ul>\n<li>Fr\u00fchst\u00fcck in der Villa = F\u00fchrung durch den monumentalen Garten mit Fr\u00fchst\u00fcck<\/li>\n<li>Aperitif vor der Villa = F\u00fchrung durch den monumentalen Garten, der mit einem Bellini Aperitif unter der Pompeiana della Villa endet<\/li>\n<li>Romantisch Irrgarten = M\u00f6glichkeit, den Irrgarten exklusiv f\u00fcr eine halbe Stunde bei Sonnenuntergang zu buchen, um nach der Hand des geliebten Menschen zu fragen<\/li>\n<\/ul>\n<p>F\u00fcr weitere Informationen besuchen Sie:\u00a0<a href=\"https:\/\/www.valsanzibiogiardino.it\/en\/\">https:\/\/www.valsanzibiogiardino.it\/en\/<\/a><\/p>\n","protected":false},"excerpt":{"rendered":"<p>Der monumentale Komplex von Valsanzibio wurde nicht zuf\u00e4llig &#8222;Little Versailles\u201c genannt: es ist ein au\u00dfergew\u00f6hnliches Beispiel f\u00fcr Barockg\u00e4rten mit \u00fcber 60 Statuen aus Stein von Istrien. Der Garten von Valsanzibio wurde zwischen 1665 und 1696 gebaut\u00a0 und pr\u00e4sentiert sich heute als einer der umfangreichsten und gut herhaltensten historischen G\u00e4rten der Welt und hat den ersten [&hellip;]<\/p>\n","protected":false},"author":1,"featured_media":577,"parent":1128,"menu_order":43,"comment_status":"closed","ping_status":"closed","template":"","meta":{"_acf_changed":false,"footnotes":""},"class_list":["post-1337","page","type-page","status-publish","has-post-thumbnail","hentry"],"acf":[],"_links":{"self":[{"href":"https:\/\/cortedacqua.it\/de\/wp-json\/wp\/v2\/pages\/1337","targetHints":{"allow":["GET"]}}],"collection":[{"href":"https:\/\/cortedacqua.it\/de\/wp-json\/wp\/v2\/pages"}],"about":[{"href":"https:\/\/cortedacqua.it\/de\/wp-json\/wp\/v2\/types\/page"}],"author":[{"embeddable":true,"href":"https:\/\/cortedacqua.it\/de\/wp-json\/wp\/v2\/users\/1"}],"replies":[{"embeddable":true,"href":"https:\/\/cortedacqua.it\/de\/wp-json\/wp\/v2\/comments?post=1337"}],"version-history":[{"count":2,"href":"https:\/\/cortedacqua.it\/de\/wp-json\/wp\/v2\/pages\/1337\/revisions"}],"predecessor-version":[{"id":1342,"href":"https:\/\/cortedacqua.it\/de\/wp-json\/wp\/v2\/pages\/1337\/revisions\/1342"}],"up":[{"embeddable":true,"href":"https:\/\/cortedacqua.it\/de\/wp-json\/wp\/v2\/pages\/1128"}],"wp:featuredmedia":[{"embeddable":true,"href":"https:\/\/cortedacqua.it\/de\/wp-json\/wp\/v2\/media\/577"}],"wp:attachment":[{"href":"https:\/\/cortedacqua.it\/de\/wp-json\/wp\/v2\/media?parent=1337"}],"curies":[{"name":"wp","href":"https:\/\/api.w.org\/{rel}","templated":true}]}}